{"id":45,"date":"2024-07-22T10:29:36","date_gmt":"2024-07-22T10:29:36","guid":{"rendered":"https:\/\/dv-vv.de\/?page_id=45"},"modified":"2024-07-22T11:46:10","modified_gmt":"2024-07-22T11:46:10","slug":"mitglieder","status":"publish","type":"page","link":"https:\/\/dv-vv.de\/?page_id=45","title":{"rendered":"Mitglieder"},"content":{"rendered":"\n<div class=\"wp-block-group has-global-padding is-layout-constrained wp-block-group-is-layout-constrained\">\n<p class=\"has-system-sans-serif-font-family\" style=\"font-size:clamp(22.041px, 1.378rem + ((1vw - 3.2px) * 2.053), 36px);font-style:normal;font-weight:700\">Mitglieder des Vereins<\/p>\n\n\n\n<p><\/p>\n\n\n\n<table id=\"tablepress-1\" class=\"tablepress tablepress-id-1\">\n<tbody class=\"row-striping\">\n<tr class=\"row-1\">\n\t<td class=\"column-1\"><\/td><td class=\"column-2\"><\/td><td class=\"column-3\"><\/td>\n<\/tr>\n<tr class=\"row-2\">\n\t<td class=\"column-1\"><img loading=\"lazy\" decoding=\"async\" src=\"http:\/\/dv-vv.de\/wp-content\/uploads\/2024\/09\/Bossert_Volker_15_0522.jpg\" alt=\"\" width=\"100\" height=\"133\" class=\"alignnone size-full wp-image-139\" \/><\/td><td class=\"column-2\"><b>Volker Bossert<\/b><br \/>\n<b><small>Dekra Automobil GmbH<\/b><br>Technische Leitung<\/small><br \/>\n<\/td><td class=\"column-3\"><b>70565 Stuttgart<\/b><br \/>\n<small>Telefon: 0711 7861-29277<br> Telefax: 0711 7861-740402<br>Mobil: 0170 7953358<br \/>\n<a href=\"mailto:bossert@dv-vv.de\" rel=\"noopener\" target=\"_blank\">E-Mail<\/a><\/small><\/td>\n<\/tr>\n<tr class=\"row-3\">\n\t<td class=\"column-1\"><img loading=\"lazy\" decoding=\"async\" src=\"http:\/\/dv-vv.de\/wp-content\/uploads\/2024\/07\/dinklerh-110x145-1.jpg\" alt=\"\" width=\"110\" height=\"145\" class=\"alignnone size-full wp-image-42\" \/><\/td><td class=\"column-2\"><b>Dr. Hermann Dinkler<\/b><br \/>\n<b><small>T\u00dcV-Verband e.V.<\/b><br \/>\nReferent Brand- und Ex-Schutz<br> Druckbeh\u00e4lteranlagen<br> Elektro- und Geb\u00e4udetechnik<br>Rohrfernleitungen<br>Tankanlagen<br>wassergef\u00e4hrdende Stoffe<\/small><\/td><td class=\"column-3\"><b>10117 Berlin<\/b><br \/>\n<small>Telefon: 030 760095-540<br \/>\nTelefax: 030 760095-541<br \/>\nMobil: 0160 97214368<br \/>\n<a href=\"mailto:dinkler@dv-vv.de\" rel=\"noopener\" target=\"_blank\">E-Mail<\/a><\/small><\/td>\n<\/tr>\n<tr class=\"row-4\">\n\t<td class=\"column-1\"><img loading=\"lazy\" decoding=\"async\" src=\"http:\/\/dv-vv.de\/wp-content\/uploads\/2024\/09\/Drews-100-1.jpg\" alt=\"\" width=\"100\" height=\"129\" class=\"alignnone size-full wp-image-158\" \/><\/td><td class=\"column-2\"><b>Heiko Drews<\/b><br \/>\n<b><small>T\u00dcV Rheiland Industrie Service GmbH<\/b><br \/>\nTechnische Leitung<\/small><\/td><td class=\"column-3\"><b>51105 K\u00f6ln<\/b><br \/>\n<small>Telefon: 030 7562-1591<br>Telefax: 030 7562-1370<br>Mobil: <br \/>\n<a href=\"mailto:drews@dv-vv.de\" rel=\"noopener\" target=\"_blank\">E-Mail<\/a><\/small><\/td>\n<\/tr>\n<tr class=\"row-5\">\n\t<td class=\"column-1\"><img loading=\"lazy\" decoding=\"async\" src=\"http:\/\/dv-vv.de\/wp-content\/uploads\/2024\/09\/Kassner-Christian.jpg\" alt=\"\" width=\"100\" height=\"140\" class=\"alignnone size-full wp-image-153\" \/><\/td><td class=\"column-2\"><b>Dr. Christian Ka\u00dfner<\/b> <small>(designierter 1. Vorsitzender)<br><\/small><b><small>1. ARGE TPO e.V.<\/b><br \/>\nTechnische Leitung<\/small><\/td><td class=\"column-3\"><b>90556 Seukendorf<\/b><br \/>\n<small>Telefon: 03606 6096872<br>Telefax: 02324 593122<br \/>\nMobil: 0172 2801617<br \/>\n<a href=\"mailto:kassner@dv-vv.de\" rel=\"noopener\" target=\"_blank\">E-Mail<\/a><\/small><\/td>\n<\/tr>\n<tr class=\"row-6\">\n\t<td class=\"column-1\"><img loading=\"lazy\" decoding=\"async\" src=\"http:\/\/dv-vv.de\/wp-content\/uploads\/2024\/07\/kulawiki-110x166-1.jpg\" alt=\"\" width=\"110\" height=\"166\" class=\"alignnone size-full wp-image-43\" \/><\/td><td class=\"column-2\"><b>Ingo Kulawik<\/b><b><small><br \/>\nEvonik Technologie &amp; Infrastructure GmbH<\/b><br \/>\nTechnische Anlagensicherheit<\/small><\/td><td class=\"column-3\"><small>Paulmann-Stra\u00dfe 1<\/small><br \/>\n<b>45772 Marl<\/b><br \/>\n<small>Telefon: 02365 49-7429<br \/>\nTelefax: 02365 49-807429<br \/>\nMobil: 0172 8517826<br \/>\n<a href=\"mailto:kulawik@dv-vv.de\" rel=\"noopener\" target=\"_blank\">E-Mail<\/a><\/small><\/td>\n<\/tr>\n<tr class=\"row-7\">\n\t<td class=\"column-1\"><img loading=\"lazy\" decoding=\"async\" src=\"http:\/\/dv-vv.de\/wp-content\/uploads\/2024\/10\/Leonhardt.jpg\" alt=\"\" width=\"100\" height=\"143\" class=\"alignnone size-full wp-image-161\" \/><\/td><td class=\"column-2\"><b>Thorsten Leonhardt<\/b><b><small><br \/>\nSwS e.V. Freiburg<\/b><br \/>\nTechnische Leitung<\/small><\/td><td class=\"column-3\"><b>79104 Freiburg<\/b><br \/>\n<small>Telefon: 0761 71717<br>Telefax: 0761 73773<br>Mobil: 0171 7709222<br \/>\n<a href=\"mailto:leonhardt@dv-vv.de\" rel=\"noopener\" target=\"_blank\">E-Mail<\/a><\/small><\/td>\n<\/tr>\n<tr class=\"row-8\">\n\t<td class=\"column-1\"><img loading=\"lazy\" decoding=\"async\" src=\"http:\/\/dv-vv.de\/wp-content\/uploads\/2024\/09\/Sieler-Franziska.jpg\" alt=\"\" width=\"100\" height=\"150\" class=\"alignnone size-full wp-image-157\" \/><\/td><td class=\"column-2\"><b>Franziska Spieler<\/b> <small>(designierte 2. Vorsitzende)<\/small> <br \/>\n<b><small>Wacker Chemie AG Technische Revision<\/b><br \/>\nTechnische Leitung<\/small><\/td><td class=\"column-3\"><b>84489 Burghausen<\/b><br \/>\n<small>Telefon: 08677 83-2623<br>Telefax: 08677 83-886-2623<br>Mobil: 0176 70034642<br \/>\n<a href=\"mailto:spieler@dv-vv.de\" rel=\"noopener\" target=\"_blank\">E-Mail<\/a><\/small><\/td>\n<\/tr>\n<tr class=\"row-9\">\n\t<td class=\"column-1\"><img loading=\"lazy\" decoding=\"async\" src=\"http:\/\/dv-vv.de\/wp-content\/uploads\/2024\/07\/2021-Passfoto-110x115-1.jpg\" alt=\"\" width=\"110\" height=\"115\" class=\"alignnone size-full wp-image-41\" \/><\/td><td class=\"column-2\"><b>Holger Wachsmann<\/b> <small>(aktuell 1. Vorsitzender)<\/small> <br \/>\n<b><small>1. ARGE TPO e.V.<\/b><br \/>\nMitglied der technischen Leitung<\/small><\/td><td class=\"column-3\"><small>Berghofer Stra\u00dfe 23<\/small><br \/>\n<b>87527 Sonthofen<\/b><br \/>\n<small>Telefon: 08321 4070005<br \/>\nTelefax: 08321 2766298<br \/>\nMobil: 0171 2625904<br \/>\n<a href=\"mailto:wachsmann@dv-vv.de\" rel=\"noopener\" target=\"_blank\">E-Mail<\/a><\/small><\/td>\n<\/tr>\n<tr class=\"row-10\">\n\t<td class=\"column-1\"><img loading=\"lazy\" decoding=\"async\" src=\"http:\/\/dv-vv.de\/wp-content\/uploads\/2024\/07\/witzmannp-133x100-1.jpg\" alt=\"\" width=\"133\" height=\"100\" class=\"alignnone size-full wp-image-44\" \/><\/td><td class=\"column-2\"><b>Petra Witzmann<\/b><br \/>\n<b><small>Soutec e.V.<\/b><br \/>\nTechnische Leitung<\/small><\/td><td class=\"column-3\"><small>Crednerhof 3<\/small><br \/>\n<b>30455 Hannover<\/b><br \/>\n<small>Telefon: 0511 6068814<br \/>\nTelefax: 0511 6068816<br \/>\nMobil: 0171 5217652<br \/>\n<a href=\"mailto:witzmann@dv-vv.de\" rel=\"noopener\" target=\"_blank\">E-Mail<\/a><\/small><\/td>\n<\/tr>\n<tr class=\"row-11\">\n\t<td class=\"column-1\"><\/td><td class=\"column-2\"><\/td><td class=\"column-3\"><\/td>\n<\/tr>\n<\/tbody>\n<\/table>\n<!-- #tablepress-1 from cache --><\/div>\n","protected":false},"excerpt":{"rendered":"<p>Mitglieder des Vereins<\/p>\n","protected":false},"author":1,"featured_media":0,"parent":0,"menu_order":0,"comment_status":"closed","ping_status":"closed","template":"page-wide","meta":{"footnotes":""},"class_list":["post-45","page","type-page","status-publish","hentry"],"_links":{"self":[{"href":"https:\/\/dv-vv.de\/index.php?rest_route=\/wp\/v2\/pages\/45","targetHints":{"allow":["GET"]}}],"collection":[{"href":"https:\/\/dv-vv.de\/index.php?rest_route=\/wp\/v2\/pages"}],"about":[{"href":"https:\/\/dv-vv.de\/index.php?rest_route=\/wp\/v2\/types\/page"}],"author":[{"embeddable":true,"href":"https:\/\/dv-vv.de\/index.php?rest_route=\/wp\/v2\/users\/1"}],"replies":[{"embeddable":true,"href":"https:\/\/dv-vv.de\/index.php?rest_route=%2Fwp%2Fv2%2Fcomments&post=45"}],"version-history":[{"count":5,"href":"https:\/\/dv-vv.de\/index.php?rest_route=\/wp\/v2\/pages\/45\/revisions"}],"predecessor-version":[{"id":102,"href":"https:\/\/dv-vv.de\/index.php?rest_route=\/wp\/v2\/pages\/45\/revisions\/102"}],"wp:attachment":[{"href":"https:\/\/dv-vv.de\/index.php?rest_route=%2Fwp%2Fv2%2Fmedia&parent=45"}],"curies":[{"name":"wp","href":"https:\/\/api.w.org\/{rel}","templated":true}]}}