{"id":25,"date":"2024-07-21T13:19:48","date_gmt":"2024-07-21T13:19:48","guid":{"rendered":"https:\/\/dv-vv.de\/?page_id=25"},"modified":"2024-07-22T11:43:29","modified_gmt":"2024-07-22T11:43:29","slug":"home","status":"publish","type":"page","link":"https:\/\/dv-vv.de\/","title":{"rendered":"Home"},"content":{"rendered":"\n<div class=\"wp-block-group has-system-sans-serif-font-family has-global-padding is-layout-constrained wp-container-core-group-is-layout-55a0b918 wp-block-group-is-layout-constrained\" style=\"font-size:clamp(14px, 0.875rem + ((1vw - 3.2px) * 0.882), 20px);font-style:normal;font-weight:400;line-height:1.3\">\n<p style=\"font-size:clamp(22.041px, 1.378rem + ((1vw - 3.2px) * 2.053), 36px);font-style:normal;font-weight:700\">Home<\/p>\n\n\n\n<p><strong>Dieser Verein wurde am 15.11.2018 gegr\u00fcndet und im Juli 2019 vom Amtsgericht Kempten in das Vereinsregister eingetragen<\/strong><\/p>\n\n\n\n<p>Die Notwendigkeit f\u00fcr die Gr\u00fcndung dieses Vereins ergab sich aus den Bedingungen zu einer ordentlichen Buchf\u00fchrung mit entsprechenden rechtlichen Anmeldungen als Verein, beim Finanzamt usw. Somit ist eine ordnungsgem\u00e4\u00dfe Rechnungsstellung f\u00fcr die Durchf\u00fchrung der diversen Veranstaltungen zum Erfahrungsaustausch nach&nbsp;<a href=\"http:\/\/dv-vv.de\/wp-content\/uploads\/2024\/07\/AwSV-555.pdf\">\u00a7 55 AwSV<\/a>&nbsp;gew\u00e4hrleistet.<\/p>\n<\/div>\n","protected":false},"excerpt":{"rendered":"<p>Home Dieser Verein wurde am 15.11.2018 gegr\u00fcndet und im Juli 2019 vom Amtsgericht Kempten in das Vereinsregister eingetragen Die Notwendigkeit f\u00fcr die Gr\u00fcndung dieses Vereins ergab sich aus den Bedingungen zu einer ordentlichen Buchf\u00fchrung mit entsprechenden rechtlichen Anmeldungen als Verein, beim Finanzamt usw. Somit ist eine ordnungsgem\u00e4\u00dfe Rechnungsstellung f\u00fcr die Durchf\u00fchrung der diversen Veranstaltungen zum [&hellip;]<\/p>\n","protected":false},"author":1,"featured_media":0,"parent":0,"menu_order":0,"comment_status":"closed","ping_status":"closed","template":"page-wide","meta":{"footnotes":""},"class_list":["post-25","page","type-page","status-publish","hentry"],"_links":{"self":[{"href":"https:\/\/dv-vv.de\/index.php?rest_route=\/wp\/v2\/pages\/25","targetHints":{"allow":["GET"]}}],"collection":[{"href":"https:\/\/dv-vv.de\/index.php?rest_route=\/wp\/v2\/pages"}],"about":[{"href":"https:\/\/dv-vv.de\/index.php?rest_route=\/wp\/v2\/types\/page"}],"author":[{"embeddable":true,"href":"https:\/\/dv-vv.de\/index.php?rest_route=\/wp\/v2\/users\/1"}],"replies":[{"embeddable":true,"href":"https:\/\/dv-vv.de\/index.php?rest_route=%2Fwp%2Fv2%2Fcomments&post=25"}],"version-history":[{"count":7,"href":"https:\/\/dv-vv.de\/index.php?rest_route=\/wp\/v2\/pages\/25\/revisions"}],"predecessor-version":[{"id":97,"href":"https:\/\/dv-vv.de\/index.php?rest_route=\/wp\/v2\/pages\/25\/revisions\/97"}],"wp:attachment":[{"href":"https:\/\/dv-vv.de\/index.php?rest_route=%2Fwp%2Fv2%2Fmedia&parent=25"}],"curies":[{"name":"wp","href":"https:\/\/api.w.org\/{rel}","templated":true}]}}