{"id":110,"date":"2024-07-23T09:42:56","date_gmt":"2024-07-23T09:42:56","guid":{"rendered":"https:\/\/dv-vv.de\/?page_id=110"},"modified":"2024-07-23T09:42:56","modified_gmt":"2024-07-23T09:42:56","slug":"datenschutzerklaerung","status":"publish","type":"page","link":"https:\/\/dv-vv.de\/?page_id=110","title":{"rendered":"Datenschutzerkl\u00e4rung"},"content":{"rendered":"\n<div class=\"wp-block-group has-global-padding is-layout-constrained wp-block-group-is-layout-constrained\">\n<p class=\"has-system-sans-serif-font-family\" style=\"font-size:clamp(22.041px, 1.378rem + ((1vw - 3.2px) * 2.053), 36px);font-style:normal;font-weight:700\">Datenschutzerkl\u00e4rung<\/p>\n\n\n\n<p><\/p>\n\n\n\n<pre class=\"wp-block-preformatted has-system-sans-serif-font-family\" style=\"font-size:14px;line-height:1.3\">Mit dieser Datenschutzerkl\u00e4rung m\u00f6chten wir Sie \u00fcber Art, Umfang und Zweck der Verarbeitung von personenbezogenen Daten auf unserer Webseite aufkl\u00e4ren. Personenbezogene Daten sind alle Daten, die einen pers\u00f6nlichen Bezug zu Ihnen aufweisen, z. B. Name, Adresse, E-Mail-Adresse oder Nutzerverhalten.<br><br><strong>Wer ist bei uns f\u00fcr die Datenverarbeitung verantwortlich<br><br>Verantwortlich f\u00fcr die Datenverarbeitung ist:<\/strong><br><br><strong>Durchf\u00fchrungsverein DV-VV e.V.<\/strong><br>1. Vorsitzender Holger Wachsmann<br>Berghofer Stra\u00dfe 23, 87527 Sonthofen, Bayern<br>Telefon: +49 8321 4070005<br>E-Mail: holger.wachsmann@tpo-online.de<br>Website: http:\/\/dv-vv.de\/Impressum.html<br><br><strong>Verarbeitung Ihrer Daten im Rahmen der Kernt\u00e4tigkeit unseres Unternehmens<\/strong><br>Wir verarbeiten Ihre an uns \u00fcbertragene personenbezogene Daten im Rahmen der zwischen uns bestehenden vertraglichen und vorvertraglichen Beziehungen. Umfang, Art, Zweck und Erforderlichkeit der Verarbeitung richtet sich nach dem jeweils zugrundeliegenden Vertragsverh\u00e4ltnis. Hierzu speichern und verarbeiten wir Ihre Daten in den von uns genutzten Computersystemen. Zu den von uns verarbeiteten Daten geh\u00f6ren all diejenigen Daten, die zum Zwecke der Inanspruchnahme der vertraglichen oder vorvertraglichen Leistungen durch Sie bereitgestellt wurden und zur Abwicklung Ihrer Anfrage oder des zwischen uns geschlossenen Vertrages ben\u00f6tigt werden.<br><br>Hierzu k\u00f6nnen insbesondere folgende Daten z\u00e4hlen:<br><br>\u2022 Name und Adresse<br>\u2022 E-Mailadresse und Telefonnummer<br>\u2022 Vertragsdaten<br><br>Die Verarbeitung beschr\u00e4nkt sich auf diejenigen Daten, die zurBeantwortungvon Anfragen und\/oder zur Erf\u00fcllung eines zwischen Ihnen und uns geschlossenen Vertrages erforderlich und zweckm\u00e4\u00dfig sind. Eine Weitergabe der personenbezogenen Daten an Dritte erfolgt nur, wenn dies zum Zwecke der Erbringung der Leistung oder im Rahmen der Organisation unseres Betriebes zur Abwicklung der Finanzbuchhaltung sowie der Befolgung gesetzlicher Verpflichtungen erforderlich ist. In diesem Fall werden nur diejenigen Daten an externe Dienstleister \u00fcbertragen, die zur Erf\u00fcllung des Vertrages oder zur Abwicklung der Finanzbuchhaltung sowie der Befolgung gesetzlicher Verpflichtungen erforderlich und zweckm\u00e4\u00dfig sind. Die Verarbeitung durch uns erfolgt gem\u00e4\u00df Ihren Weisungen oder den gesetzlichen Bestimmungen. Rechtsgrundlage: Die Verarbeitung Ihrer personenbezogenen Daten sowie die \u00dcbertragung an Dritte erfolgt gem\u00e4\u00df Art. 6 Abs. 1 lit. b) DSGVO und dient dazu, den Vertrag zwischen Ihnen und uns zu erf\u00fcllen. Im \u00dcbrigen geben wir Daten an Dritte nur dann weiter, wenn hierzu eine gesetzliche Verpflichtung besteht, Art. 6 Abs. 1 lit. c) DSGVO oder wenn hieran ein berechtigtes Interesse besteht, Art. 6 Abs. 1 lit f. DSGVO. Dies ist beispielsweise dann der Fall, wenn dies zur Verfolgung unserer Anspr\u00fcche erforderlich ist. L\u00f6schung: Die L\u00f6schung Ihrer Daten erfolgt sobald die Daten nicht mehr zu Erf\u00fcllung vertraglicher oder gesetzlicher F\u00fcrsorgepflichten sowie f\u00fcr den Umgang mit etwaigen Gew\u00e4hrleistungs- und vergleichbaren Pflichten erforderlich sind. Hiervon bleiben die gesetzlichen Aufbewahrungspflichten unber\u00fchrt.<br><br><strong>Webhosting<\/strong><br>Wir bedienen uns zum Vorhalten unserer Onlinepr\u00e4senz eines Internet-Service-Providers, auf dessen Server die Webseite gespeichert wird (Hosting) und der unsere Seite im Internet verf\u00fcgbar macht. Hierbei verarbeitet der Internet-Service-Provider in unserem Auftrag Kontaktdaten, Inhaltsdaten, Vertragsdaten, Nutzungsdaten, Bestandsdaten sowie Meta- und Kommunikationsdaten. Name und Anschrift des Internet-Service-Providers: Strato Berlin. <strong>Rechtsgrundlage:<\/strong> Der Internet-Service-Provider verarbeitet die vorgenannten Daten in unserem Auftrag, Art. 28 DSGVO. Die Datenverarbeitung erfolgt auf Grund unseres berechtigten Interesses an einer effizienten und sicheren Bereitstellung unseres Internetangebotes ein, Art. 6 Abs. 1 lit. f) DSGVO.<br><br>Sofern Sie unsere Webseite lediglich informatorisch nutzen, werden von unserem Internet-Service-Provider nur diejenigen personenbezogenen Daten erhoben, die der von Ihnen verwendete Browser an dessen Server \u00fcbermittelt. Das sind folgende Daten:<br><br>\u2022 IP-Adresse<br>\u2022 das Datum und die Uhrzeit des Zugriffs auf unsere Internetseite<br>\u2022 Zeitzonendifferenz zur Greenwich Mean Time (GMT)<br>\u2022 Zugriffsstatus (HTTP-Status)<br>\u2022 die \u00fcbertragene Datenmenge<br>\u2022 der Internet-Service-Provider des zugreifenden Systems<br>\u2022 der von Ihnen verwendete Browsertyp und dessen Version<br>\u2022 das von Ihnen verwendete Betriebssystem<br>\u2022 die Internetseite, von welcher Sie gegebenenfalls auf unsere Internetseite gelangt sind<br>\u2022 die Seiten bzw. Unterseiten, welche Sie auf unserer Internetseite besuchen.<br><br>Die vorgenannten Daten werden als Logfiles auf den Servern unseres Internet-Service-Providers gespeichert. Dies ist erforderlich, um die Webseite auf dem von Ihnen genutzten Endger\u00e4t darstellen zu k\u00f6nnen, sowie die Stabilit\u00e4t und Sicherheit zu gew\u00e4hrleisten. In den vorstehenden Zwecken liegt unser berechtigtes Interesse an der Datenverarbeitung. <strong>Rechtsgrundlage:<\/strong> Die Datenverarbeitung erfolgt auf Grund unseres berechtigten Interesses an einer effizienten und sicheren Bereitstellung unseres Internetangebotes ein, Art. 6 Abs. 1 lit. f) DSGVO. <strong>Dauer<\/strong>: Die vorstehenden Daten zur Bereitstellung unserer Webseite werden f\u00fcr die Dauer von 7 Tagen gespeichert und dann gel\u00f6scht.<br><br><strong>Angaben zu den von uns vorgehaltenen Kontaktaufnahmem\u00f6glichkeiten<\/strong><br><br>Soweit Sie uns \u00fcber E-Mail, Soziale Medien, Telefon, Fax, Post, unser Kontaktformular oder sonstwie ansprechen und uns hierbei personenbezogene Daten wie Ihren Namen, Ihre Telefonnummer oder Ihre E-Mail-Adresse zur Verf\u00fcgung stellen oder weitere Angaben zur Ihrer Person oder Ihrem Anliegen machen, werden diese Daten zur Verarbeitung Ihrer Anfrage in unserem Hause gespeichert und weiterverarbeitet. Rechtsgrundlage: Sofern Sie Ihre Anfrage im Rahmen vertraglicher oder vorvertraglicher Beziehungen mit uns stellen, ist die Rechtsgrundlage f\u00fcr die Verarbeitung Ihrer Daten Art. 6 Abs. 1 lit. b. DSGVO. Sofern Ihre Anfrage nicht unter eine der vorgenannten Kategorien f\u00e4llt, liegt unser berechtigtes Interesse an der Verarbeitung Ihrer Daten darin, Ihre Anfrage ordnungsgem\u00e4\u00df und in Ihrem Sinne zu beantworten, Art. 6 Abs. 1 lit. f DSGVO. L\u00f6schung: Die von uns erhobenen personenbezogenen Daten werden gel\u00f6scht, sofern sie nicht mehr erforderlich sind. Wir \u00fcberpr\u00fcfen die Erforderlichkeit alle 2 Jahre. Au\u00dferdem k\u00f6nnen Sie die Datenverarbeitung jederzeit widerrufen.<br><br><strong>Ihre Rechte nach der DSGVO<\/strong><br><br>Nach der DSGVO stehen Ihnen die nachfolgend aufgef\u00fchrten Rechte zu, die Sie jederzeit bei dem in Ziffer 1. dieser Datenschutzerkl\u00e4rung genannten Verantwortlichen geltend machen k\u00f6nnen:<br><br><strong>\u2022 Recht auf Auskunft<\/strong>: Sie k\u00f6nnen nach Art. 15 DSGVO eine Best\u00e4tigung dar\u00fcber verlangen, ob und welche personenbezogenen Daten wir von Ihnen verarbeiten. Dar\u00fcber hinaus k\u00f6nnen Sie von uns unentgeltlich Auskunft \u00fcber die Verarbeitungszwecke, die Kategorie der personenbezogenen Daten, die Kategorien von Empf\u00e4ngern, gegen\u00fcber denen Ihre Daten offengelegt wurden oder werden, die geplante Speicherdauer, das Bestehen eines Rechts auf Berichtigung, L\u00f6schung, Einschr\u00e4nkung der Verarbeitung oder Widerspruch, das Bestehen eines Beschwerderechts sowie die Herkunft ihrer Daten, sofern diese nicht bei uns erhoben wurden, verlangen. Ferner steht Ihnen ein Auskunftsrecht dar\u00fcber zu, ob Ihre personenbezogenen Daten an ein Drittland oder an eine internationale Organisation \u00fcbermittelt wurden. Sofern dies der Fall ist, steht Ihnen das Recht zu, Auskunft \u00fcber die geeigneten Garantien im Zusammenhang mit der \u00dcbermittlung zu erhalten.<br><br><strong>\u2022 Recht auf Berichtigung:<\/strong> Gem\u00e4\u00df Art. 16 DSGVO k\u00f6nnen Sie die Berichtigung unrichtiger oder Vervollst\u00e4ndigung unvollst\u00e4ndiger der bei uns gespeicherten und Sie betreffenden personenbezogenen Daten verlangen.<br><br><strong>\u2022 Recht auf L\u00f6schung:<\/strong> Gem\u00e4\u00df Art. 17 DSGVO steht Ihnen das Recht zu, die L\u00f6schung Ihrer bei uns gespeicherten personenbezogenen Daten zu verlangen, soweit wir deren Verarbeitung nicht zu folgenden Zwecken ben\u00f6tigen:<br><br>\u2022 zur Erf\u00fcllung einer rechtlichen Verpflichtung,<br>\u2022 zur Geltendmachung, Aus\u00fcbung oder Verteidigung von Rechtsanspr\u00fcchen,<br>\u2022 zur Aus\u00fcbung des Rechts auf freie Meinungs\u00e4u\u00dferung und Information oder<br>\u2022 aus Gr\u00fcnden der in Art. 17 Abs. 3 lit c und d DSGVO genannten F\u00e4lle des \u00f6ffentlichen Interesses.<br><strong>\u2022 Recht auf Einschr\u00e4nkung:<\/strong> Gem\u00e4\u00df Art. 18 DSGVO haben Sie das Recht, die Einschr\u00e4nkung der Verarbeitung Ihrer personenbezogenen Daten zu verlangen, wenn<br>\u2022 die Richtigkeit der Daten von Ihnen bestritten wird, und zwar f\u00fcr eine Dauer, die es uns erm\u00f6glicht, die Richtigkeit der personenbezogenen Daten zu \u00fcberpr\u00fcfen,<br>\u2022 die Verarbeitung Ihrer Daten unrechtm\u00e4\u00dfig ist, Sie aber deren L\u00f6schung ablehnen und stattdessen die Einschr\u00e4nkung der Nutzung der Daten verlangen,<br>\u2022 wir die personenbezogenen Daten f\u00fcr die Zwecke der Verarbeitung nicht l\u00e4nger ben\u00f6tigen, Sie die Daten jedoch zur Geltendmachung, Aus\u00fcbung oder Verteidigung von Rechtsanspr\u00fcchen ben\u00f6tigen<br>\u2022 Sie gem\u00e4\u00df Art. 21 DSGVO Widerspruch gegen die Verarbeitung Ihrer Daten eingelegt haben, es aber noch nicht feststeht, ob die berechtigten Gr\u00fcnde, die uns trotz Ihres Widerspruches zu einer weiteren Verarbeitung berechtigten, Ihre Rechte \u00fcberwiegen.<br><br><strong>\u2022 Recht auf Unterrichtung: <\/strong>Sofern Sie das Recht auf Berichtigung, L\u00f6schung oder Einschr\u00e4nkung der Verarbeitung gegen\u00fcber uns geltend gemacht haben, sind wir verpflichtet, allen Empf\u00e4ngern, denen gegen\u00fcber die Sie betreffenden personenbezogene Daten offengelegt wurden, die von Ihnen verlangte Berichtigung oder L\u00f6schung der Daten oder deren Einschr\u00e4nkung der Verarbeitung mitzuteilen, es sei denn, dies erweist sich als unm\u00f6glich oder ist mit einem unverh\u00e4ltnism\u00e4\u00dfigen Aufwand verbunden. Ihnen steht das Recht zu, von uns \u00fcber diese Empf\u00e4nger unterrichtet zu werden.<br><strong>\u2022 Recht auf Daten\u00fcbertragbarkeit:<\/strong> Gem\u00e4\u00df Art. 20 DSGVO k\u00f6nnen Sie verlangen, dass wir die Sie betreffenden personenbezogenen Daten, die Sie uns bereitgestellt haben, in einem strukturierten, g\u00e4ngigen und maschinenlesebaren Format zu erhalten oder die \u00dcbermittlung an einen anderen Verantwortlichen zu verlangen.<br><strong>\u2022 Beschwerderecht:<\/strong> Nach Art. 77 DSGVO haben Sie das Recht, sich bei einer Aufsichtsbeh\u00f6rde zu beschweren. Hierf\u00fcr k\u00f6nnen Sie sich an die Aufsichtsbeh\u00f6rde Ihres \u00fcblichen Aufenthaltsortes, Ihres Arbeitsplatzes oder unseres Firmensitzes wenden.<br><br><strong>Widerrufsrecht<\/strong><br><br>Gem\u00e4\u00df Art. 7 Abs. 3 DSGVO steht Ihnen das Recht zu, Ihre erteilte Einwilligung in die Verarbeitung Ihrer Daten jederzeit uns gegen\u00fcber zu widerrufen. Der von Ihnen erkl\u00e4rte Widerruf \u00e4ndert nichts an der Rechtm\u00e4\u00dfigkeit der bis zum Widerruf erfolgten Verarbeitung Ihrer personenbezogenen Daten.<br><br><strong>Widerspruchsrecht<\/strong><br><br>Sie haben das Recht, aus Gr\u00fcnden, die sich aus Ihrer besonderen Situation ergeben, jederzeit gegen die Verarbeitung der Sie betreffenden personenbezogenen Daten, die aufgrund einer Interessenabw\u00e4gung (Art. 6 Abs. 1 lit. f DSGVO) erfolgt, Widerspruch einzulegen. Dies ist insbesondere dann der Fall, wenn die Datenverarbeitung nicht zur Erf\u00fcllung eines Vertrages erforderlich ist. Sofern Sie von Ihrem Widerspruchsrecht Gebrauch machen, bitten wir Sie um die Darlegung der Gr\u00fcnde. Wir werden Ihre personenbezogenen Daten dann nicht mehr verarbeiten, es sei denn, wir k\u00f6nnen Ihnen gegen\u00fcber nachweisen, dass zwingende schutzw\u00fcrdige Gr\u00fcnde an der Datenverarbeitung Ihre Interessen und Rechte \u00fcberwiegen.<br><br><strong>Unabh\u00e4ngig vom vorstehend Gesagten, haben Sie das jederzeitige Recht, der Verarbeitung Ihrer personenbezogenen Daten f\u00fcr Zwecke der Werbung und Datenanalyse zu widersprechen.<\/strong><br><br>Ihren Widerspruch richten Sie bitte an die oben angegebene Kontaktadresse des Verantwortlichen.<br><br><strong>Sicherheitsma\u00dfnahmen<\/strong><br><br>Wir treffen im \u00dcbrigen technische und organisatorische Sicherheitsma\u00dfnahmen nach dem Stand der Technik, um die Vorschriften der Datenschutzgesetze einzuhalten und Ihre Daten gegen zuf\u00e4llige oder vors\u00e4tzliche Manipulationen, teilweisen oder vollst\u00e4ndigen Verlust, Zerst\u00f6rung oder gegen den unbefugten Zugriff Dritter zu sch\u00fctzen.<br><br><strong>Aktualit\u00e4t und \u00c4nderung dieser Datenschutzerkl\u00e4rung<\/strong><br><br>Diese Datenschutzerkl\u00e4rung ist aktuell g\u00fcltig und hat den Stand April 2020. Aufgrund ge\u00e4nderter gesetzlicher bzw. beh\u00f6rdlicher Vorgaben kann es notwendig werden, diese Datenschutzerkl\u00e4rung anzupassen.<br><br>Diese Datenschutzerkl\u00e4rung wurde mit Hilfe von SOS Recht erstellt. Den Datenschutz-Erkl\u00e4rungsgenerator finden Sie hier. SOS Recht ist ein Angebot der Mueller.legal Rechtsanw\u00e4lte Partnerschaft mit Sitz in Berlin.<\/pre>\n<\/div>\n","protected":false},"excerpt":{"rendered":"<p>Datenschutzerkl\u00e4rung Mit dieser Datenschutzerkl\u00e4rung m\u00f6chten wir Sie \u00fcber Art, Umfang und Zweck der Verarbeitung von personenbezogenen Daten auf unserer Webseite aufkl\u00e4ren. Personenbezogene Daten sind alle Daten, die einen pers\u00f6nlichen Bezug zu Ihnen aufweisen, z. B. Name, Adresse, E-Mail-Adresse oder Nutzerverhalten.Wer ist bei uns f\u00fcr die Datenverarbeitung verantwortlichVerantwortlich f\u00fcr die Datenverarbeitung ist:Durchf\u00fchrungsverein DV-VV e.V.1. Vorsitzender Holger [&hellip;]<\/p>\n","protected":false},"author":1,"featured_media":0,"parent":0,"menu_order":0,"comment_status":"closed","ping_status":"closed","template":"page-wide","meta":{"footnotes":""},"class_list":["post-110","page","type-page","status-publish","hentry"],"_links":{"self":[{"href":"https:\/\/dv-vv.de\/index.php?rest_route=\/wp\/v2\/pages\/110","targetHints":{"allow":["GET"]}}],"collection":[{"href":"https:\/\/dv-vv.de\/index.php?rest_route=\/wp\/v2\/pages"}],"about":[{"href":"https:\/\/dv-vv.de\/index.php?rest_route=\/wp\/v2\/types\/page"}],"author":[{"embeddable":true,"href":"https:\/\/dv-vv.de\/index.php?rest_route=\/wp\/v2\/users\/1"}],"replies":[{"embeddable":true,"href":"https:\/\/dv-vv.de\/index.php?rest_route=%2Fwp%2Fv2%2Fcomments&post=110"}],"version-history":[{"count":1,"href":"https:\/\/dv-vv.de\/index.php?rest_route=\/wp\/v2\/pages\/110\/revisions"}],"predecessor-version":[{"id":111,"href":"https:\/\/dv-vv.de\/index.php?rest_route=\/wp\/v2\/pages\/110\/revisions\/111"}],"wp:attachment":[{"href":"https:\/\/dv-vv.de\/index.php?rest_route=%2Fwp%2Fv2%2Fmedia&parent=110"}],"curies":[{"name":"wp","href":"https:\/\/api.w.org\/{rel}","templated":true}]}}