{"id":108,"date":"2024-07-23T08:34:31","date_gmt":"2024-07-23T08:34:31","guid":{"rendered":"https:\/\/dv-vv.de\/?page_id=108"},"modified":"2024-07-23T08:34:31","modified_gmt":"2024-07-23T08:34:31","slug":"compliance","status":"publish","type":"page","link":"https:\/\/dv-vv.de\/?page_id=108","title":{"rendered":"Compliance"},"content":{"rendered":"\n<div class=\"wp-block-group has-global-padding is-layout-constrained wp-block-group-is-layout-constrained\">\n<p class=\"has-system-sans-serif-font-family\" style=\"font-size:clamp(16.834px, 1.052rem + ((1vw - 3.2px) * 1.348), 26px);font-style:normal;font-weight:700\">DV-VV e.V. Compliance-Richtlinie<\/p>\n\n\n\n<p><\/p>\n\n\n\n<pre class=\"wp-block-preformatted has-system-sans-serif-font-family\" style=\"font-size:clamp(14px, 0.875rem + ((1vw - 3.2px) * 0.882), 20px);line-height:1.3\"><strong>Einleitung<\/strong><br><br>Im Bewusstsein seiner Verantwortung vor der \u00d6ffentlichkeit und seinen Mitgliedern setzt der<br>Durchf\u00fchrungsverein e.V. (DV-VV e.V.) in seiner Interessenvertretung auf Unabh\u00e4ngigkeit,<br>Rechtschaffenheit, Fachkompetenz und Effektivit\u00e4t der Argumente.<br><br>Die Wirkung des Vereines entfaltet sich im Vertrauen der \u00d6ffentlichkeit und der Entscheidungstr\u00e4ger<br>in dessen Arbeit.<br><br>Die Compliance-Richtlinie definiert unsere wesentlichen Vorstellungen von einer integren, d.h.<br>rechtlich konformen, transparenten und an ethischen Grunds\u00e4tzen orientierten Vereinsarbeit. Ein<br>Handeln, das an den Grunds\u00e4tzen der Rechtm\u00e4\u00dfigkeit, Transparenz und Fairness ausgerichtet ist,<br>schafft sowohl Vertrauen in der \u00d6ffentlichkeit als auch ein g\u00fcnstiges Umfeld f\u00fcr unsere Mitglieder,<br>indem von vornherein imagesch\u00e4digende Konfliktsituationen vermieden werden.<br><br>Die Compliance-Richtlinie bildet einen Eckpfeiler f\u00fcr eine verantwortungsvolle Vereinsf\u00fchrung und ist<br>f\u00fcr alle Mitglieder des DV-VV e.V. verbindlich. Denn letztlich ist die \u00f6ffentliche Wahrnehmung des<br>DV-VV e.V. in besonderer Weise vom Verhalten jedes Einzelnen abh\u00e4ngig.<br><br>Holger Wachsmann, 1. Vorsitzender<br><br>Die kompletten Regeln k\u00f6nnen Sie <a href=\"http:\/\/dv-vv.de\/wp-content\/uploads\/2024\/07\/2022-Compliance.pdf\">hier<\/a> einsehen.<\/pre>\n<\/div>\n","protected":false},"excerpt":{"rendered":"<p>DV-VV e.V. Compliance-Richtlinie EinleitungIm Bewusstsein seiner Verantwortung vor der \u00d6ffentlichkeit und seinen Mitgliedern setzt derDurchf\u00fchrungsverein e.V. (DV-VV e.V.) in seiner Interessenvertretung auf Unabh\u00e4ngigkeit,Rechtschaffenheit, Fachkompetenz und Effektivit\u00e4t der Argumente.Die Wirkung des Vereines entfaltet sich im Vertrauen der \u00d6ffentlichkeit und der Entscheidungstr\u00e4gerin dessen Arbeit.Die Compliance-Richtlinie definiert unsere wesentlichen Vorstellungen von einer integren, d.h.rechtlich konformen, transparenten und an [&hellip;]<\/p>\n","protected":false},"author":1,"featured_media":0,"parent":0,"menu_order":0,"comment_status":"closed","ping_status":"closed","template":"page-wide","meta":{"footnotes":""},"class_list":["post-108","page","type-page","status-publish","hentry"],"_links":{"self":[{"href":"https:\/\/dv-vv.de\/index.php?rest_route=\/wp\/v2\/pages\/108","targetHints":{"allow":["GET"]}}],"collection":[{"href":"https:\/\/dv-vv.de\/index.php?rest_route=\/wp\/v2\/pages"}],"about":[{"href":"https:\/\/dv-vv.de\/index.php?rest_route=\/wp\/v2\/types\/page"}],"author":[{"embeddable":true,"href":"https:\/\/dv-vv.de\/index.php?rest_route=\/wp\/v2\/users\/1"}],"replies":[{"embeddable":true,"href":"https:\/\/dv-vv.de\/index.php?rest_route=%2Fwp%2Fv2%2Fcomments&post=108"}],"version-history":[{"count":1,"href":"https:\/\/dv-vv.de\/index.php?rest_route=\/wp\/v2\/pages\/108\/revisions"}],"predecessor-version":[{"id":109,"href":"https:\/\/dv-vv.de\/index.php?rest_route=\/wp\/v2\/pages\/108\/revisions\/109"}],"wp:attachment":[{"href":"https:\/\/dv-vv.de\/index.php?rest_route=%2Fwp%2Fv2%2Fmedia&parent=108"}],"curies":[{"name":"wp","href":"https:\/\/api.w.org\/{rel}","templated":true}]}}